{"id":1564,"date":"2025-01-20T17:14:08","date_gmt":"2025-01-20T16:14:08","guid":{"rendered":"https:\/\/sundwigermuehle.de\/produkt\/backmalz-250g\/"},"modified":"2026-04-09T08:21:11","modified_gmt":"2026-04-09T06:21:11","slug":"backmalz-250g","status":"publish","type":"product","link":"https:\/\/sundwigermuehle.de\/produkt\/backmalz-250g\/","title":{"rendered":"Backmalz 250 g enzym-aktiv"},"content":{"rendered":"<p>Backmalz: Gekeimtes Getreide, getrocknet und gemahlen. Es macht mit den getreideeigenen Enzymen aus aus St\u00e4rke Zucker und erh\u00f6ht die Triebkraft der Hefe. Dosierung maximal 3 g pro kg Mehl. Eine \u00dcberdosierung kann die Backeigenschaften herabsetzen. Positiver Effekt der Malzzugabe: Sch\u00f6nere R\u00f6sche, kr\u00e4ftige Kruste mit Aromen durch mehr R\u00f6ststoffe in der Kruste, l\u00e4ngere Frischhaltung des Geb\u00e4cks. Insgesamt wird das Brot etwas &#8222;saftiger&#8220; und neigt bei l\u00e4ngerer Lagerung weniger zum Austrocknen.<\/p>\n<p>&nbsp;<\/p>\n<p style=\"margin-bottom: 0cm; line-height: 100%;\" data-mce-fragment=\"1\"><u data-mce-fragment=\"1\">N\u00c4HRWERTE PRO 100g<\/u><\/p>\n<p>Energie: 1521kj \/ 359kcal<\/p>\n<p>Fett: 1,9g<\/p>\n<p>davon ges\u00e4ttigte Fetts\u00e4uren: 0,3g<\/p>\n<p>Kohlenhydrate: 70,3g<\/p>\n<p>davon Zucker: 6,1g<\/p>\n<p>Ballaststoffe: 7,6g<\/p>\n<p>Eiwei\u00df: 11,4g<\/p>\n<p>Salz: 0,01g<\/p>\n","protected":false},"excerpt":{"rendered":"<p>Dosierung: ca. 3 g pro 1.000 g Mehl. \u00dcberdosierung setzt die Backeigenschaften herab. Der Teig verh\u00e4lt sich dann wie ein Brotteig aus Mehl mit Auswuchsschaden.<\/p>\n","protected":false},"featured_media":1683,"comment_status":"open","ping_status":"closed","template":"","meta":{"site-sidebar-layout":"default","site-content-layout":"","ast-site-content-layout":"","site-content-style":"default","site-sidebar-style":"default","ast-global-header-display":"","ast-banner-title-visibility":"","ast-main-header-display":"","ast-hfb-above-header-display":"","ast-hfb-below-header-display":"","ast-hfb-mobile-header-display":"","site-post-title":"","ast-breadcrumbs-content":"","ast-featured-img":"","footer-sml-layout":"","theme-transparent-header-meta":"","adv-header-id-meta":"","stick-header-meta":"","header-above-stick-meta":"","header-main-stick-meta":"","header-below-stick-meta":"","astra-migrate-meta-layouts":"default","ast-page-background-enabled":"default","ast-page-background-meta":{"desktop":{"background-color":"var(--ast-global-color-5)","background-image":"","background-repeat":"repeat","background-position":"center center","background-size":"auto","background-attachment":"scroll","background-type":"","background-media":"","overlay-type":"","overlay-color":"","overlay-opacity":"","overlay-gradient":""},"tablet":{"background-color":"","background-image":"","background-repeat":"repeat","background-position":"center center","background-size":"auto","background-attachment":"scroll","background-type":"","background-media":"","overlay-type":"","overlay-color":"","overlay-opacity":"","overlay-gradient":""},"mobile":{"background-color":"","background-image":"","background-repeat":"repeat","background-position":"center center","background-size":"auto","background-attachment":"scroll","background-type":"","background-media":"","overlay-type":"","overlay-color":"","overlay-opacity":"","overlay-gradient":""}},"ast-content-background-meta":{"desktop":{"background-color":"var(--ast-global-color-4)","background-image":"","background-repeat":"repeat","background-position":"center center","background-size":"auto","background-attachment":"scroll","background-type":"","background-media":"","overlay-type":"","overlay-color":"","overlay-opacity":"","overlay-gradient":""},"tablet":{"background-color":"var(--ast-global-color-4)","background-image":"","background-repeat":"repeat","background-position":"center center","background-size":"auto","background-attachment":"scroll","background-type":"","background-media":"","overlay-type":"","overlay-color":"","overlay-opacity":"","overlay-gradient":""},"mobile":{"background-color":"var(--ast-global-color-4)","background-image":"","background-repeat":"repeat","background-position":"center center","background-size":"auto","background-attachment":"scroll","background-type":"","background-media":"","overlay-type":"","overlay-color":"","overlay-opacity":"","overlay-gradient":""}}},"product_brand":[],"product_cat":[58],"product_tag":[],"class_list":{"0":"post-1564","1":"product","2":"type-product","3":"status-publish","4":"has-post-thumbnail","6":"product_cat-backzutaten-backzutaten","7":"product_shipping_class-standard","8":"desktop-align-left","9":"tablet-align-left","10":"mobile-align-left","12":"first","13":"instock","14":"taxable","15":"shipping-taxable","16":"purchasable","17":"product-type-simple"},"_links":{"self":[{"href":"https:\/\/sundwigermuehle.de\/wp-json\/wp\/v2\/product\/1564","targetHints":{"allow":["GET"]}}],"collection":[{"href":"https:\/\/sundwigermuehle.de\/wp-json\/wp\/v2\/product"}],"about":[{"href":"https:\/\/sundwigermuehle.de\/wp-json\/wp\/v2\/types\/product"}],"replies":[{"embeddable":true,"href":"https:\/\/sundwigermuehle.de\/wp-json\/wp\/v2\/comments?post=1564"}],"wp:featuredmedia":[{"embeddable":true,"href":"https:\/\/sundwigermuehle.de\/wp-json\/wp\/v2\/media\/1683"}],"wp:attachment":[{"href":"https:\/\/sundwigermuehle.de\/wp-json\/wp\/v2\/media?parent=1564"}],"wp:term":[{"taxonomy":"product_brand","embeddable":true,"href":"https:\/\/sundwigermuehle.de\/wp-json\/wp\/v2\/product_brand?post=1564"},{"taxonomy":"product_cat","embeddable":true,"href":"https:\/\/sundwigermuehle.de\/wp-json\/wp\/v2\/product_cat?post=1564"},{"taxonomy":"product_tag","embeddable":true,"href":"https:\/\/sundwigermuehle.de\/wp-json\/wp\/v2\/product_tag?post=1564"}],"curies":[{"name":"wp","href":"https:\/\/api.w.org\/{rel}","templated":true}]}}