{"id":1569,"date":"2025-01-20T17:14:10","date_gmt":"2025-01-20T16:14:10","guid":{"rendered":"https:\/\/sundwigermuehle.de\/produkt\/basismuesli-500-g-weizenfrei\/"},"modified":"2026-04-09T08:21:06","modified_gmt":"2026-04-09T06:21:06","slug":"basismuesli-500-g-weizenfrei","status":"publish","type":"product","link":"https:\/\/sundwigermuehle.de\/produkt\/basismuesli-500-g-weizenfrei\/","title":{"rendered":"Basism\u00fcsli (weizenfrei) 500 g"},"content":{"rendered":"<p><span style=\"color: #000000;\">Unser ges\u00fcndestes: Eine M\u00fcslimischung ohne Fr\u00fcchte, N\u00fcsse und Zucker, bestehend aus Gersten-, Dinkel-, Hafer-, und Roggenflocken sowie Sonnenblumenkernen, K\u00fcrbiskernen, Leinsaat und Sesam. Auf dieser Basis kann man ein leckeres und lange s\u00e4ttigendes Fr\u00fchst\u00fcck aufbauen. Auch als Zusatz im K\u00f6rnerbrot eine hervorragende Variante.<\/span><\/p>\n<p style=\"margin-bottom: 0cm; line-height: 100%;\" data-mce-fragment=\"1\">Dieses Produkt packen wir so ab, wie Sie es bestellen. Wenn Sie z.B. drei Kilogramm Roggenmehl ben\u00f6tigen, packen wir nicht drei Ein-Kg-T\u00fcten, sondern eine stabile Papiert\u00fcte mit drei Kilogramm f\u00fcr Sie. Das reduziert den Verpackungsaufwand und schont die Umwelt.<\/p>\n<p>&nbsp;<\/p>\n<p style=\"margin-bottom: 0cm; line-height: 100%;\"><span style=\"color: #000000;\"><u>N\u00c4HRWERTE PRO 100g<\/u><\/span><\/p>\n<p style=\"margin-bottom: 0cm; line-height: 100%;\">\n<p><span style=\"color: #000000;\"> Energie: 429 kcal \/ 1795 kj<\/span><br \/>\n<span style=\"color: #000000;\"> Fett: 21,6g<\/span><br \/>\n<span style=\"color: #000000;\"> davon ges\u00e4ttigte Fetts\u00e4uren: 4,2g <\/span><br \/>\n<span style=\"color: #000000;\">Kohlenhydrate: 40,7g<\/span><br \/>\n<span style=\"color: #000000;\"> davon Zucker: 1,2g<\/span><br \/>\n<span style=\"color: #000000;\"> Ballaststoffe: 11,3g<\/span><br \/>\n<span style=\"color: #000000;\"> Eiwei\u00df: 16,7g<\/span><br \/>\n<span style=\"color: #000000;\"> Salz: 0,025g<\/span><\/p>\n","protected":false},"excerpt":{"rendered":"<p>Unser ges\u00fcndestes: Eine M\u00fcslimischung ohne Fr\u00fcchte, N\u00fcsse und Zucker, bestehend aus Gersten-, Dinkel-, Hafer-, und Roggenflocken sowie Sonnenblumenkernen, K\u00fcrbiskernen, Leinsaat [&hellip;]<\/p>\n","protected":false},"featured_media":1688,"comment_status":"open","ping_status":"closed","template":"","meta":{"site-sidebar-layout":"default","site-content-layout":"","ast-site-content-layout":"","site-content-style":"default","site-sidebar-style":"default","ast-global-header-display":"","ast-banner-title-visibility":"","ast-main-header-display":"","ast-hfb-above-header-display":"","ast-hfb-below-header-display":"","ast-hfb-mobile-header-display":"","site-post-title":"","ast-breadcrumbs-content":"","ast-featured-img":"","footer-sml-layout":"","theme-transparent-header-meta":"","adv-header-id-meta":"","stick-header-meta":"","header-above-stick-meta":"","header-main-stick-meta":"","header-below-stick-meta":"","astra-migrate-meta-layouts":"default","ast-page-background-enabled":"default","ast-page-background-meta":{"desktop":{"background-color":"var(--ast-global-color-5)","background-image":"","background-repeat":"repeat","background-position":"center center","background-size":"auto","background-attachment":"scroll","background-type":"","background-media":"","overlay-type":"","overlay-color":"","overlay-opacity":"","overlay-gradient":""},"tablet":{"background-color":"","background-image":"","background-repeat":"repeat","background-position":"center center","background-size":"auto","background-attachment":"scroll","background-type":"","background-media":"","overlay-type":"","overlay-color":"","overlay-opacity":"","overlay-gradient":""},"mobile":{"background-color":"","background-image":"","background-repeat":"repeat","background-position":"center center","background-size":"auto","background-attachment":"scroll","background-type":"","background-media":"","overlay-type":"","overlay-color":"","overlay-opacity":"","overlay-gradient":""}},"ast-content-background-meta":{"desktop":{"background-color":"var(--ast-global-color-4)","background-image":"","background-repeat":"repeat","background-position":"center center","background-size":"auto","background-attachment":"scroll","background-type":"","background-media":"","overlay-type":"","overlay-color":"","overlay-opacity":"","overlay-gradient":""},"tablet":{"background-color":"var(--ast-global-color-4)","background-image":"","background-repeat":"repeat","background-position":"center center","background-size":"auto","background-attachment":"scroll","background-type":"","background-media":"","overlay-type":"","overlay-color":"","overlay-opacity":"","overlay-gradient":""},"mobile":{"background-color":"var(--ast-global-color-4)","background-image":"","background-repeat":"repeat","background-position":"center center","background-size":"auto","background-attachment":"scroll","background-type":"","background-media":"","overlay-type":"","overlay-color":"","overlay-opacity":"","overlay-gradient":""}}},"product_brand":[],"product_cat":[62],"product_tag":[],"class_list":{"0":"post-1569","1":"product","2":"type-product","3":"status-publish","4":"has-post-thumbnail","6":"product_cat-muesli","7":"product_shipping_class-standard","8":"desktop-align-left","9":"tablet-align-left","10":"mobile-align-left","12":"first","13":"instock","14":"taxable","15":"shipping-taxable","16":"purchasable","17":"product-type-simple"},"_links":{"self":[{"href":"https:\/\/sundwigermuehle.de\/wp-json\/wp\/v2\/product\/1569","targetHints":{"allow":["GET"]}}],"collection":[{"href":"https:\/\/sundwigermuehle.de\/wp-json\/wp\/v2\/product"}],"about":[{"href":"https:\/\/sundwigermuehle.de\/wp-json\/wp\/v2\/types\/product"}],"replies":[{"embeddable":true,"href":"https:\/\/sundwigermuehle.de\/wp-json\/wp\/v2\/comments?post=1569"}],"wp:featuredmedia":[{"embeddable":true,"href":"https:\/\/sundwigermuehle.de\/wp-json\/wp\/v2\/media\/1688"}],"wp:attachment":[{"href":"https:\/\/sundwigermuehle.de\/wp-json\/wp\/v2\/media?parent=1569"}],"wp:term":[{"taxonomy":"product_brand","embeddable":true,"href":"https:\/\/sundwigermuehle.de\/wp-json\/wp\/v2\/product_brand?post=1569"},{"taxonomy":"product_cat","embeddable":true,"href":"https:\/\/sundwigermuehle.de\/wp-json\/wp\/v2\/product_cat?post=1569"},{"taxonomy":"product_tag","embeddable":true,"href":"https:\/\/sundwigermuehle.de\/wp-json\/wp\/v2\/product_tag?post=1569"}],"curies":[{"name":"wp","href":"https:\/\/api.w.org\/{rel}","templated":true}]}}